{"id":1325,"date":"2022-05-15T10:52:06","date_gmt":"2022-05-15T08:52:06","guid":{"rendered":"https:\/\/www.dugs.si\/?page_id=1325"},"modified":"2022-05-15T10:52:06","modified_gmt":"2022-05-15T08:52:06","slug":"zakljuceni-projekti","status":"publish","type":"page","link":"https:\/\/dugs.si\/index.php\/nasi-projekti\/zakljuceni-projekti\/","title":{"rendered":"Zaklju\u010deni projekti"},"content":{"rendered":"\n<div id=\"wp-block-themeisle-blocks-advanced-columns-2f54af7b\" class=\"wp-block-themeisle-blocks-advanced-columns has-1-columns has-desktop-equal-layout has-tablet-equal-layout has-mobile-equal-layout has-vertical-unset\"><div class=\"wp-block-themeisle-blocks-advanced-columns-overlay\"><\/div><div class=\"innerblocks-wrap\">\n<div id=\"wp-block-themeisle-blocks-advanced-column-f3d72b86\" class=\"wp-block-themeisle-blocks-advanced-column\"><\/div>\n<\/div><\/div>\n\n\n\n<h2 class=\"wp-block-heading\">Zaklju\u010deni projekti<\/h2>\n\n\n\n<div id=\"wp-block-themeisle-blocks-accordion-8996beb2\" class=\"wp-block-themeisle-blocks-accordion\">\n<details class=\"wp-block-themeisle-blocks-accordion-item\"><summary class=\"wp-block-themeisle-blocks-accordion-item__title\"><div>Konference<\/div><\/summary><div class=\"wp-block-themeisle-blocks-accordion-item__content\">\n<p><\/p>\n<\/div><\/details>\n<\/div>\n\n\n\n<div id=\"wp-block-themeisle-blocks-accordion-1d4755be\" class=\"wp-block-themeisle-blocks-accordion\">\n<details class=\"wp-block-themeisle-blocks-accordion-item\"><summary class=\"wp-block-themeisle-blocks-accordion-item__title\"><div>Poletni tabori (2012, 2014, 2015)<\/div><\/summary><div class=\"wp-block-themeisle-blocks-accordion-item__content\">\n<p>Med poletnimi po\u010ditnicami smo v na\u0161em dru\u0161tvu organizirali poletne tabore za otroke.<\/p>\n\n\n<ul class=\"wp-block-latest-posts__list is-grid columns-2 aligncenter wp-block-latest-posts\"><\/ul><\/div><\/details>\n<\/div>\n\n\n\n<div id=\"wp-block-themeisle-blocks-accordion-4ef2ba38\" class=\"wp-block-themeisle-blocks-accordion\">\n<details class=\"wp-block-themeisle-blocks-accordion-item\"><summary class=\"wp-block-themeisle-blocks-accordion-item__title\"><div>Aktivno staranje (2012 &#8211; 2014)<\/div><\/summary><div class=\"wp-block-themeisle-blocks-accordion-item__content\">\n<p>Med letoma 2012-2014 je potekal projekt Grundtvig z naslovom Aktivno staranje (Active aging).<\/p>\n\n\n<ul class=\"wp-block-latest-posts__list is-grid columns-2 aligncenter wp-block-latest-posts\"><\/ul>\n\n\n<div id=\"wp-block-themeisle-blocks-accordion-9dd1e8fa\" class=\"wp-block-themeisle-blocks-accordion\"><\/div>\n<\/div><\/details>\n<\/div>\n","protected":false},"excerpt":{"rendered":"<p>Zaklju\u010deni projekti<\/p>\n","protected":false},"author":2,"featured_media":0,"parent":1232,"menu_order":0,"comment_status":"closed","ping_status":"closed","template":"","meta":{"neve_meta_sidebar":"","neve_meta_container":"","neve_meta_enable_content_width":"","neve_meta_content_width":0,"neve_meta_title_alignment":"","neve_meta_author_avatar":"","neve_post_elements_order":"","neve_meta_disable_header":"","neve_meta_disable_footer":"","neve_meta_disable_title":"","footnotes":""},"class_list":["post-1325","page","type-page","status-publish","hentry"],"_links":{"self":[{"href":"https:\/\/dugs.si\/index.php\/wp-json\/wp\/v2\/pages\/1325","targetHints":{"allow":["GET"]}}],"collection":[{"href":"https:\/\/dugs.si\/index.php\/wp-json\/wp\/v2\/pages"}],"about":[{"href":"https:\/\/dugs.si\/index.php\/wp-json\/wp\/v2\/types\/page"}],"author":[{"embeddable":true,"href":"https:\/\/dugs.si\/index.php\/wp-json\/wp\/v2\/users\/2"}],"replies":[{"embeddable":true,"href":"https:\/\/dugs.si\/index.php\/wp-json\/wp\/v2\/comments?post=1325"}],"version-history":[{"count":0,"href":"https:\/\/dugs.si\/index.php\/wp-json\/wp\/v2\/pages\/1325\/revisions"}],"up":[{"embeddable":true,"href":"https:\/\/dugs.si\/index.php\/wp-json\/wp\/v2\/pages\/1232"}],"wp:attachment":[{"href":"https:\/\/dugs.si\/index.php\/wp-json\/wp\/v2\/media?parent=1325"}],"curies":[{"name":"wp","href":"https:\/\/api.w.org\/{rel}","templated":true}]}}