{"id":1323,"date":"2022-05-15T10:50:13","date_gmt":"2022-05-15T08:50:13","guid":{"rendered":"https:\/\/www.dugs.si\/?page_id=1323"},"modified":"2022-05-15T10:50:13","modified_gmt":"2022-05-15T08:50:13","slug":"projekti-v-teku","status":"publish","type":"page","link":"https:\/\/dugs.si\/index.php\/nasi-projekti\/projekti-v-teku\/","title":{"rendered":"Projekti v teku &#8211; Ongoing Projects"},"content":{"rendered":"\n<div id=\"wp-block-themeisle-blocks-advanced-columns-a46e317a\" class=\"wp-block-themeisle-blocks-advanced-columns has-1-columns has-desktop-equal-layout has-tablet-equal-layout has-mobile-equal-layout has-vertical-unset\"><div class=\"wp-block-themeisle-blocks-advanced-columns-overlay\"><\/div><div class=\"innerblocks-wrap\">\n<div id=\"wp-block-themeisle-blocks-advanced-column-9f00b0d3\" class=\"wp-block-themeisle-blocks-advanced-column\">\n<h2 class=\"wp-block-heading\">Projekti v teku<\/h2>\n<\/div>\n<\/div><\/div>\n\n\n\n<div id=\"wp-block-themeisle-blocks-accordion-38a0e2bf\" class=\"wp-block-themeisle-blocks-accordion\">\n<details class=\"wp-block-themeisle-blocks-accordion-item\"><summary class=\"wp-block-themeisle-blocks-accordion-item__title\"><div>Sportsign (2019 &#8211; )<\/div><\/summary><div class=\"wp-block-themeisle-blocks-accordion-item__content\">\n<p>Dru\u0161tvo u\u010diteljev Gluhih Slovenije je od septembra 2019 vklju\u010deno v mednarodni projekt Erasmus+ z naslovom &#8220;Sportsign&#8221; (Znakovni jezik v \u0161portu in pri \u0161portni vzgoji). Nosilec projekta je Fakulteta za \u0161port Univerze MAIA iz Porta, v projektu pa poleg Slovenije sodelujejo \u0161e: Poklicna srednja \u0161ola za Gluhe iz Porenja-Vestfalije (Nem\u010dija), Fakulteta sodobnih umetnosti Sienna (Italija), Kraljeva umetni\u0161ka \u0161ola za Gluhe (Portugalska) in Urad za \u0161olstvo,\u00a0 poklicne programe in univerzitetni \u0161tudij (\u0160panija). <\/p>\n\n\n\n<p>Povezava do <a href=\"https:\/\/sportsign.eu\/\" target=\"_blank\" rel=\"noreferrer noopener\">projekta Sportsign<\/a>.<\/p>\n\n\n<ul class=\"wp-block-latest-posts__list has-dates wp-block-latest-posts\"><\/ul><\/div><\/details>\n<\/div>\n\n\n\n<div id=\"wp-block-themeisle-blocks-accordion-935d0f65\" class=\"wp-block-themeisle-blocks-accordion\">\n<details class=\"wp-block-themeisle-blocks-accordion-item\"><summary class=\"wp-block-themeisle-blocks-accordion-item__title\"><div>Drugi projekti &#8230;<\/div><\/summary><div class=\"wp-block-themeisle-blocks-accordion-item__content\">\n<p>&#8230;<\/p>\n<\/div><\/details>\n<\/div>\n","protected":false},"excerpt":{"rendered":"","protected":false},"author":2,"featured_media":0,"parent":1232,"menu_order":0,"comment_status":"closed","ping_status":"closed","template":"","meta":{"neve_meta_sidebar":"","neve_meta_container":"","neve_meta_enable_content_width":"","neve_meta_content_width":0,"neve_meta_title_alignment":"","neve_meta_author_avatar":"","neve_post_elements_order":"","neve_meta_disable_header":"","neve_meta_disable_footer":"","neve_meta_disable_title":"on","footnotes":""},"class_list":["post-1323","page","type-page","status-publish","hentry"],"_links":{"self":[{"href":"https:\/\/dugs.si\/index.php\/wp-json\/wp\/v2\/pages\/1323","targetHints":{"allow":["GET"]}}],"collection":[{"href":"https:\/\/dugs.si\/index.php\/wp-json\/wp\/v2\/pages"}],"about":[{"href":"https:\/\/dugs.si\/index.php\/wp-json\/wp\/v2\/types\/page"}],"author":[{"embeddable":true,"href":"https:\/\/dugs.si\/index.php\/wp-json\/wp\/v2\/users\/2"}],"replies":[{"embeddable":true,"href":"https:\/\/dugs.si\/index.php\/wp-json\/wp\/v2\/comments?post=1323"}],"version-history":[{"count":0,"href":"https:\/\/dugs.si\/index.php\/wp-json\/wp\/v2\/pages\/1323\/revisions"}],"up":[{"embeddable":true,"href":"https:\/\/dugs.si\/index.php\/wp-json\/wp\/v2\/pages\/1232"}],"wp:attachment":[{"href":"https:\/\/dugs.si\/index.php\/wp-json\/wp\/v2\/media?parent=1323"}],"curies":[{"name":"wp","href":"https:\/\/api.w.org\/{rel}","templated":true}]}}