{"id":1253,"date":"2022-05-15T08:29:58","date_gmt":"2022-05-15T06:29:58","guid":{"rendered":"https:\/\/www.dugs.si\/?page_id=1253"},"modified":"2022-05-15T08:29:58","modified_gmt":"2022-05-15T06:29:58","slug":"pristopna-izjava","status":"publish","type":"page","link":"https:\/\/dugs.si\/index.php\/o-drustvu\/pristopna-izjava\/","title":{"rendered":"Pristopna izjava"},"content":{"rendered":"\n<div id=\"wp-block-themeisle-blocks-advanced-columns-1697069d\" class=\"wp-block-themeisle-blocks-advanced-columns has-1-columns has-desktop-equal-layout has-tablet-equal-layout has-mobile-equal-layout has-vertical-unset\"><div class=\"wp-block-themeisle-blocks-advanced-columns-overlay\"><\/div><div class=\"innerblocks-wrap\">\n<div id=\"wp-block-themeisle-blocks-advanced-column-9798469d\" class=\"wp-block-themeisle-blocks-advanced-column\">\n<h2 class=\"wp-block-heading\">Pristopna izjava<\/h2>\n\n\n\n<p>Natisnite si pristopno izjavo v <a href=\"\/\" target=\"_blank\" rel=\"noreferrer noopener\">.PDF<\/a> ali <a href=\"\/\" target=\"_blank\" rel=\"noreferrer noopener\">.DOC<\/a> obliki. Pristopno izjavo izpolnite in po\u0161ljite po navadni po\u0161ti na naslov dru\u0161tva:<\/p>\n\n\n\n<pre class=\"wp-block-verse\">Dru\u0161tvo u\u010diteljev gluhih Slovenija\n\u010cernetova ulica 17\n1000 Ljubljana<\/pre>\n<\/div>\n<\/div><\/div>\n","protected":false},"excerpt":{"rendered":"","protected":false},"author":2,"featured_media":0,"parent":1234,"menu_order":0,"comment_status":"closed","ping_status":"closed","template":"","meta":{"neve_meta_sidebar":"","neve_meta_container":"","neve_meta_enable_content_width":"","neve_meta_content_width":0,"neve_meta_title_alignment":"","neve_meta_author_avatar":"","neve_post_elements_order":"","neve_meta_disable_header":"","neve_meta_disable_footer":"","neve_meta_disable_title":"on","footnotes":""},"class_list":["post-1253","page","type-page","status-publish","hentry"],"_links":{"self":[{"href":"https:\/\/dugs.si\/index.php\/wp-json\/wp\/v2\/pages\/1253","targetHints":{"allow":["GET"]}}],"collection":[{"href":"https:\/\/dugs.si\/index.php\/wp-json\/wp\/v2\/pages"}],"about":[{"href":"https:\/\/dugs.si\/index.php\/wp-json\/wp\/v2\/types\/page"}],"author":[{"embeddable":true,"href":"https:\/\/dugs.si\/index.php\/wp-json\/wp\/v2\/users\/2"}],"replies":[{"embeddable":true,"href":"https:\/\/dugs.si\/index.php\/wp-json\/wp\/v2\/comments?post=1253"}],"version-history":[{"count":0,"href":"https:\/\/dugs.si\/index.php\/wp-json\/wp\/v2\/pages\/1253\/revisions"}],"up":[{"embeddable":true,"href":"https:\/\/dugs.si\/index.php\/wp-json\/wp\/v2\/pages\/1234"}],"wp:attachment":[{"href":"https:\/\/dugs.si\/index.php\/wp-json\/wp\/v2\/media?parent=1253"}],"curies":[{"name":"wp","href":"https:\/\/api.w.org\/{rel}","templated":true}]}}