{"id":1242,"date":"2022-05-15T08:21:30","date_gmt":"2022-05-15T06:21:30","guid":{"rendered":"https:\/\/www.dugs.si\/?page_id=1242"},"modified":"2022-05-15T08:21:30","modified_gmt":"2022-05-15T06:21:30","slug":"kdo-smo","status":"publish","type":"page","link":"https:\/\/dugs.si\/index.php\/o-drustvu\/kdo-smo\/","title":{"rendered":"Kdo smo? &#8211; Who we are?"},"content":{"rendered":"\n<div id=\"wp-block-themeisle-blocks-advanced-columns-51e83365\" class=\"wp-block-themeisle-blocks-advanced-columns has-1-columns has-desktop-equal-layout has-tablet-equal-layout has-mobile-equal-layout has-vertical-unset\"><div class=\"wp-block-themeisle-blocks-advanced-columns-overlay\"><\/div><div class=\"innerblocks-wrap\">\n<div id=\"wp-block-themeisle-blocks-advanced-column-de740b35\" class=\"wp-block-themeisle-blocks-advanced-column\">\n<h2 class=\"wp-block-heading\">Kdo smo?<\/h2>\n\n\n\n<p><strong>D<\/strong>ru\u0161tvo&nbsp;<strong>U<\/strong>\u010diteljev&nbsp;<strong>G<\/strong>luhih&nbsp;<strong>S<\/strong>lovenije je prostovoljno, nepridobitno zdru\u017eenje u\u010diteljev, ki pou\u010dujejo gluhe v razli\u010dnih \u0161olah ali zavodih in u\u010diteljev slovenskega znakovnega jezika, gluhih oseb in oseb z okvaro sluha. \u010clani dru\u0161tva so tudi sli\u0161e\u010de osebe, ki podpirajo poslanstvo dru\u0161tva.<\/p>\n\n\n\n<p>Namen dru\u0161tva je strokovna pomo\u010d ustanovam za pouk in izobra\u017eevanje gluhih in slovenskega znakovnega jezika, pospe\u0161evanje strokovnega izobra\u017eevanja \u010dlanov, ki so posredno ali neposredno udele\u017eeni pri pou\u010devanju gluhih in slovenskega znakovnega jezika, pomo\u010d gluhim in osebam z okvaro sluha pri izobra\u017eevanju na vseh nivojih izobra\u017eevanja.<\/p>\n\n\n\n<p>Trenutno aktualna oblika dejavnosti je izvajanje brezpla\u010dne pomo\u010di pri u\u010denju gluhih dijakov v sli\u0161e\u010dih \u0161olah. Prav tako smo partnerji v mednarodnem projektu z <a rel=\"noreferrer noopener\" href=\"https:\/\/www.takatuka.net\/\" target=\"_blank\">Dru\u0161tvom ustvarjalcev Taka Tuka.<\/a><\/p>\n\n\n\n<h3 class=\"wp-block-heading\">Cilji dru\u0161tva so:<\/h3>\n\n\n\n<ul class=\"wp-block-list\"><li>dvig znanja gluhih otrok in mladostnikov ter odraslih v procesu izobra\u017eevanja;<\/li><li>vi\u0161ja strokovna kvaliteta u\u010diteljev gluhih;<\/li><li>informiranje in osve\u0161\u010danje tako \u010dlanov kot \u0161ir\u0161e javnosti;<\/li><li>dvig ugleda gluhih v javnosti;<\/li><li>dvig ugleda na podro\u010dju izobra\u017eevanja gluhih.<\/li><\/ul>\n<\/div>\n<\/div><\/div>\n\n\n\n<div style=\"height:142px\" aria-hidden=\"true\" class=\"wp-block-spacer\"><\/div>\n","protected":false},"excerpt":{"rendered":"","protected":false},"author":2,"featured_media":0,"parent":1234,"menu_order":0,"comment_status":"closed","ping_status":"closed","template":"","meta":{"neve_meta_sidebar":"","neve_meta_container":"","neve_meta_enable_content_width":"","neve_meta_content_width":0,"neve_meta_title_alignment":"","neve_meta_author_avatar":"","neve_post_elements_order":"","neve_meta_disable_header":"","neve_meta_disable_footer":"","neve_meta_disable_title":"on","footnotes":""},"class_list":["post-1242","page","type-page","status-publish","hentry"],"_links":{"self":[{"href":"https:\/\/dugs.si\/index.php\/wp-json\/wp\/v2\/pages\/1242","targetHints":{"allow":["GET"]}}],"collection":[{"href":"https:\/\/dugs.si\/index.php\/wp-json\/wp\/v2\/pages"}],"about":[{"href":"https:\/\/dugs.si\/index.php\/wp-json\/wp\/v2\/types\/page"}],"author":[{"embeddable":true,"href":"https:\/\/dugs.si\/index.php\/wp-json\/wp\/v2\/users\/2"}],"replies":[{"embeddable":true,"href":"https:\/\/dugs.si\/index.php\/wp-json\/wp\/v2\/comments?post=1242"}],"version-history":[{"count":0,"href":"https:\/\/dugs.si\/index.php\/wp-json\/wp\/v2\/pages\/1242\/revisions"}],"up":[{"embeddable":true,"href":"https:\/\/dugs.si\/index.php\/wp-json\/wp\/v2\/pages\/1234"}],"wp:attachment":[{"href":"https:\/\/dugs.si\/index.php\/wp-json\/wp\/v2\/media?parent=1242"}],"curies":[{"name":"wp","href":"https:\/\/api.w.org\/{rel}","templated":true}]}}