{"id":1232,"date":"2022-05-15T06:33:47","date_gmt":"2022-05-15T04:33:47","guid":{"rendered":"https:\/\/www.dugs.si\/?page_id=1232"},"modified":"2022-05-15T06:33:47","modified_gmt":"2022-05-15T04:33:47","slug":"nasi-projekti","status":"publish","type":"page","link":"https:\/\/dugs.si\/index.php\/nasi-projekti\/","title":{"rendered":"Na\u0161i Projekti &#8211; Projects"},"content":{"rendered":"\n<div id=\"wp-block-themeisle-blocks-advanced-columns-4352a896\" class=\"wp-block-themeisle-blocks-advanced-columns has-1-columns has-desktop-equal-layout has-tablet-equal-layout has-mobile-equal-layout has-vertical-unset\"><div class=\"wp-block-themeisle-blocks-advanced-columns-overlay\"><\/div><div class=\"innerblocks-wrap\">\n<div id=\"wp-block-themeisle-blocks-advanced-column-4ea11b5e\" class=\"wp-block-themeisle-blocks-advanced-column\">\n<h2 class=\"wp-block-heading\">Projekti &#8211; PROJECTS<\/h2>\n<\/div>\n<\/div><\/div>\n\n\n\n<p>Na tem mestu, si lahko nekaj ve\u010d preberete o na\u0161ih trenutnih projektih in o projektih, ki smo jih uspe\u0161no izvedli, v preteklosti.<\/p>\n\n\n\n<div class=\"wp-block-columns is-layout-flex wp-container-core-columns-is-layout-9d6595d7 wp-block-columns-is-layout-flex\">\n<div class=\"wp-block-column is-layout-flow wp-block-column-is-layout-flow\" style=\"flex-basis:25%\"><\/div>\n\n\n\n<div class=\"wp-block-column is-layout-flow wp-block-column-is-layout-flow\" style=\"flex-basis:50%\">\n<div class=\"wp-block-buttons is-horizontal is-content-justification-left is-nowrap is-layout-flex wp-container-core-buttons-is-layout-9577f4e0 wp-block-buttons-is-layout-flex\">\n<div class=\"wp-block-button aligncenter has-custom-width wp-block-button__width-100 has-custom-font-size is-style-primary ticss-a0677cf3 has-medium-font-size\"><a class=\"wp-block-button__link\" href=\"http:\/\/194.249.3.44\/nasi-projekti\/projekti-v-teku\/\">Projekti  v teku &#8211; Ongoing projects<\/a><\/div>\n\n\n\n<div class=\"wp-block-button aligncenter has-custom-width wp-block-button__width-100 has-custom-font-size is-style-secondary ticss-3cc4b654 has-medium-font-size\"><a class=\"wp-block-button__link\" href=\"http:\/\/194.249.3.44\/nasi-projekti\/zakljuceni-projekti\/\">Zaklju\u010deni projekti &#8211; Completed projects<\/a><\/div>\n<\/div>\n<\/div>\n\n\n\n<div class=\"wp-block-column is-layout-flow wp-block-column-is-layout-flow\" style=\"flex-basis:25%\"><\/div>\n<\/div>\n","protected":false},"excerpt":{"rendered":"<p>Na tem mestu, si lahko nekaj ve\u010d preberete o na\u0161ih trenutnih projektih in o projektih, ki smo jih uspe\u0161no izvedli, v preteklosti.<\/p>\n","protected":false},"author":2,"featured_media":0,"parent":0,"menu_order":0,"comment_status":"closed","ping_status":"closed","template":"","meta":{"neve_meta_sidebar":"","neve_meta_container":"","neve_meta_enable_content_width":"","neve_meta_content_width":0,"neve_meta_title_alignment":"","neve_meta_author_avatar":"","neve_post_elements_order":"","neve_meta_disable_header":"","neve_meta_disable_footer":"","neve_meta_disable_title":"on","footnotes":""},"class_list":["post-1232","page","type-page","status-publish","hentry"],"_links":{"self":[{"href":"https:\/\/dugs.si\/index.php\/wp-json\/wp\/v2\/pages\/1232","targetHints":{"allow":["GET"]}}],"collection":[{"href":"https:\/\/dugs.si\/index.php\/wp-json\/wp\/v2\/pages"}],"about":[{"href":"https:\/\/dugs.si\/index.php\/wp-json\/wp\/v2\/types\/page"}],"author":[{"embeddable":true,"href":"https:\/\/dugs.si\/index.php\/wp-json\/wp\/v2\/users\/2"}],"replies":[{"embeddable":true,"href":"https:\/\/dugs.si\/index.php\/wp-json\/wp\/v2\/comments?post=1232"}],"version-history":[{"count":0,"href":"https:\/\/dugs.si\/index.php\/wp-json\/wp\/v2\/pages\/1232\/revisions"}],"wp:attachment":[{"href":"https:\/\/dugs.si\/index.php\/wp-json\/wp\/v2\/media?parent=1232"}],"curies":[{"name":"wp","href":"https:\/\/api.w.org\/{rel}","templated":true}]}}